{"id":13,"date":"2026-04-13T05:21:38","date_gmt":"2026-04-13T05:21:38","guid":{"rendered":"https:\/\/13wintx.com\/?page_id=13"},"modified":"2026-04-13T05:48:16","modified_gmt":"2026-04-13T05:48:16","slug":"13win","status":"publish","type":"page","link":"https:\/\/13wintx.com\/","title":{"rendered":"13WIN"},"content":{"rendered":"\t<div class=\"img has-hover x md-x lg-x y md-y lg-y\" id=\"image_1235392241\">\n\t\t\t\t\t\t\t\t<div class=\"img-inner dark\" >\n\t\t\t<img loading=\"lazy\" decoding=\"async\" width=\"1920\" height=\"600\" src=\"https:\/\/13wintx.com\/wp-content\/uploads\/2026\/04\/doc_2026-04-13_12-23-15.webp\" class=\"attachment-original size-original\" alt=\"BANNER 13WIN\" srcset=\"https:\/\/13wintx.com\/wp-content\/uploads\/2026\/04\/doc_2026-04-13_12-23-15.webp 1920w, https:\/\/13wintx.com\/wp-content\/uploads\/2026\/04\/doc_2026-04-13_12-23-15-300x94.webp 300w, https:\/\/13wintx.com\/wp-content\/uploads\/2026\/04\/doc_2026-04-13_12-23-15-1024x320.webp 1024w, https:\/\/13wintx.com\/wp-content\/uploads\/2026\/04\/doc_2026-04-13_12-23-15-768x240.webp 768w, https:\/\/13wintx.com\/wp-content\/uploads\/2026\/04\/doc_2026-04-13_12-23-15-1536x480.webp 1536w\" sizes=\"auto, (max-width: 1920px) 100vw, 1920px\" \/>\t\t\t\t\t\t\n\t\t\t\t\t<\/div>\n\t\t\t\t\t\t\t\t\n<style>\n#image_1235392241 {\n  width: 100%;\n}\n<\/style>\n\t<\/div>\n\t\n<div class=\"row\"  id=\"row-216985388\">\n\n\t<div id=\"col-55714135\" class=\"col small-12 large-12\"  >\n\t\t\t\t<div class=\"col-inner\"  >\n\t\t\t\n\t\t\t\n<h1 style=\"text-align: center;\"><strong>13WIN | NH\u00c0 C\u00c1I 13WIN.COM UY T\u00cdN &#8211; C\u00c1 C\u01af\u1ee2C KH\u00d4NG GI\u1edaI H\u1ea0N<\/strong><\/h1>\n<p>\u00a0<\/p>\n\t\t<\/div>\n\t\t\t\t\t<\/div>\n\n\t\n<\/div>\n","protected":false},"excerpt":{"rendered":"","protected":false},"author":1,"featured_media":0,"parent":0,"menu_order":0,"comment_status":"closed","ping_status":"closed","template":"page-blank.php","meta":{"footnotes":""},"class_list":["post-13","page","type-page","status-publish","hentry"],"_links":{"self":[{"href":"https:\/\/13wintx.com\/index.php\/wp-json\/wp\/v2\/pages\/13","targetHints":{"allow":["GET"]}}],"collection":[{"href":"https:\/\/13wintx.com\/index.php\/wp-json\/wp\/v2\/pages"}],"about":[{"href":"https:\/\/13wintx.com\/index.php\/wp-json\/wp\/v2\/types\/page"}],"author":[{"embeddable":true,"href":"https:\/\/13wintx.com\/index.php\/wp-json\/wp\/v2\/users\/1"}],"replies":[{"embeddable":true,"href":"https:\/\/13wintx.com\/index.php\/wp-json\/wp\/v2\/comments?post=13"}],"version-history":[{"count":2,"href":"https:\/\/13wintx.com\/index.php\/wp-json\/wp\/v2\/pages\/13\/revisions"}],"predecessor-version":[{"id":28,"href":"https:\/\/13wintx.com\/index.php\/wp-json\/wp\/v2\/pages\/13\/revisions\/28"}],"wp:attachment":[{"href":"https:\/\/13wintx.com\/index.php\/wp-json\/wp\/v2\/media?parent=13"}],"curies":[{"name":"wp","href":"https:\/\/api.w.org\/{rel}","templated":true}]}}